{"id":156559,"date":"2015-01-11T11:41:51","date_gmt":"2015-01-11T10:41:51","guid":{"rendered":"https:\/\/www.laspiraledutemps.com\/analysis\/"},"modified":"2025-09-05T19:58:03","modified_gmt":"2025-09-05T17:58:03","slug":"analysis","status":"publish","type":"page","link":"https:\/\/www.laspiraledutemps.com\/es\/analysis\/","title":{"rendered":"An\u00e1lisis"},"content":{"rendered":"<div class=\"wpb-content-wrapper\"><p>[vc_row unlock_row_content=\u00bbyes\u00bb row_height_percent=\u00bb0&#8243; override_padding=\u00bbyes\u00bb h_padding=\u00bb0&#8243; top_padding=\u00bb0&#8243; bottom_padding=\u00bb3&#8243; back_color=\u00bbcolor-xsdn\u00bb overlay_alpha=\u00bb100&#8243; gutter_size=\u00bb100&#8243; column_width_percent=\u00bb100&#8243; shift_y=\u00bb0&#8243; z_index=\u00bb0&#8243; bottom_divider=\u00bbstep\u00bb content_parallax=\u00bb0&#8243; style=\u00bbinherited\u00bb uncode_shortcode_id=\u00bb185648&#8243; back_color_type=\u00bbuncode-palette\u00bb][vc_column column_width_percent=\u00bb100&#8243; gutter_size=\u00bb4&#8243; overlay_alpha=\u00bb50&#8243; shift_x=\u00bb0&#8243; shift_y=\u00bb0&#8243; shift_y_down=\u00bb0&#8243; z_index=\u00bb0&#8243; medium_width=\u00bb0&#8243; mobile_width=\u00bb0&#8243; zoom_width=\u00bb0&#8243; zoom_height=\u00bb0&#8243; width=\u00bb1\/1&#8243; uncode_shortcode_id=\u00bb550842&#8243;][vc_empty_space empty_h=\u00bb1&#8243;][uncode_index el_id=\u00bbindex-12&#8243; loop=\u00bbsize:30|order_by:ID|order:DESC|post_type:portfolio|tax_query:131|taxonomy_count:10&#8243; screen_lg=\u00bb1000&#8243; screen_md=\u00bb800&#8243; screen_sm=\u00bb100&#8243; gutter_size=\u00bb0&#8243; post_items=\u00bbtitle,media,text,link,author,date,category,extra\u00bb page_items=\u00bbtitle,media,text,category\u00bb product_items=\u00bbtitle,media,text,category,price\u00bb portfolio_items=\u00bbmedia|featured|onpost|poster,title|-\u00bb single_text=\u00bboverlay\u00bb single_width=\u00bb6&#8243; single_overlay_color=\u00bbcolor-jevc\u00bb single_overlay_opacity=\u00bb10&#8243; single_h_align=\u00bbcenter\u00bb single_h_align_mobile=\u00bbcenter\u00bb single_padding=\u00bb2&#8243; single_title_family=\u00bbfont-359101&#8243; single_title_dimension=\u00bbh4&#8243; single_title_weight=\u00bb400&#8243; single_border=\u00bbyes\u00bb single_css_animation=\u00bbbottom-t-top\u00bb custom_order=\u00bbyes\u00bb no_double_tap=\u00bbyes\u00bb single_image_anim_border=\u00bbyes\u00bb filtering_transform=\u00bbuppercase\u00bb carousel_rtl=\u00bb\u00bb single_title_uppercase=\u00bb\u00bb single_block_click=\u00bbyes\u00bb single_text_hover=\u00bbyes\u00bb single_title_bold=\u00bbyes\u00bb footer_position=\u00bbleft\u00bb order_ids=\u00bb156498,156467,156480,157017,156538,156532&#8243; uncode_shortcode_id=\u00bb442364&#8243; items=\u00bbeyIxNTYxMzlfaSI6eyJzaW5nbGVfbGluayI6InVybDpodHRwcyUzQSUyRiUyRnd3dy5sYXNwaXJhbGVkdXRlbXBzLmNvbSUyRnBvcnRmb2xpbyUyRnRoZS1jaXJjbGUtZGF5ZXJlaC0yMDAwLWphZmFyLXBhbmFoaSUyRnx0aXRsZTpXb3JrJTIwaW4lMjBwcm9ncmVzcyJ9LCIxNTYxNDRfaSI6eyJzaW5nbGVfbGluayI6InVybDpodHRwcyUzQSUyRiUyRnd3dy5sYXNwaXJhbGVkdXRlbXBzLmNvbSUyRnBvcnRmb2xpbyUyRndvcmstaW4tcHJvZ3Jlc3MlMkZ8dGl0bGU6V29yayUyMGluJTIwcHJvZ3Jlc3MifSwiMTU2MTE2X2kiOnsic2luZ2xlX2xpbmsiOiJ1cmw6aHR0cHMlM0ElMkYlMkZ3d3cubGFzcGlyYWxlZHV0ZW1wcy5jb20lMkZwb3J0Zm9saW8lMkZ3b3JrLWluLXByb2dyZXNzJTJGfHRpdGxlOldvcmslMjBpbiUyMHByb2dyZXNzIn19&#8243;][\/vc_column][\/vc_row][vc_row unlock_row_content=\u00bbyes\u00bb row_height_percent=\u00bb10&#8243; override_padding=\u00bbyes\u00bb h_padding=\u00bb7&#8243; top_padding=\u00bb1&#8243; bottom_padding=\u00bb3&#8243; back_color=\u00bbcolor-xsdn\u00bb overlay_alpha=\u00bb50&#8243; gutter_size=\u00bb0&#8243; column_width_percent=\u00bb100&#8243; shift_y=\u00bb0&#8243; z_index=\u00bb0&#8243; top_divider=\u00bbstep_1_2&#8243; content_parallax=\u00bb0&#8243; uncode_shortcode_id=\u00bb508675&#8243; back_color_type=\u00bbuncode-palette\u00bb][vc_column column_width_percent=\u00bb100&#8243; position_vertical=\u00bbmiddle\u00bb gutter_size=\u00bb3&#8243; overlay_alpha=\u00bb50&#8243; shift_x=\u00bb0&#8243; shift_y=\u00bb0&#8243; shift_y_down=\u00bb0&#8243; z_index=\u00bb0&#8243; medium_width=\u00bb0&#8243; mobile_width=\u00bb0&#8243; css_animation=\u00bbalpha-anim\u00bb animation_speed=\u00bb600&#8243; width=\u00bb1\/1&#8243; uncode_shortcode_id=\u00bb213055&#8243;][vc_row_inner row_inner_height_percent=\u00bb0&#8243; overlay_alpha=\u00bb50&#8243; gutter_size=\u00bb4&#8243; shift_y=\u00bb0&#8243; z_index=\u00bb0&#8243; limit_content=\u00bb\u00bb uncode_shortcode_id=\u00bb662964&#8243;][vc_column_inner column_width_percent=\u00bb100&#8243; gutter_size=\u00bb0&#8243; overlay_alpha=\u00bb50&#8243; shift_x=\u00bb0&#8243; shift_y=\u00bb0&#8243; shift_y_down=\u00bb0&#8243; z_index=\u00bb0&#8243; medium_width=\u00bb0&#8243; mobile_width=\u00bb0&#8243; width=\u00bb4\/12&#8243;][vc_custom_heading text_color=\u00bbcolor-rgdb\u00bb heading_semantic=\u00bbh1&#8243; text_font=\u00bbfont-359101&#8243; text_size=\u00bbfontsize-155944&#8243; text_weight=\u00bb400&#8243; text_height=\u00bbfontheight-357766&#8243; sub_lead=\u00bbyes\u00bb sub_reduced=\u00bbyes\u00bb text_align=\u00bbtext-left\u00bb text_serif=\u00bbyes\u00bb uncode_shortcode_id=\u00bb566566&#8243; text_color_type=\u00bbuncode-palette\u00bb]An\u00e1lisis[\/vc_custom_heading][\/vc_column_inner][vc_column_inner column_width_percent=\u00bb100&#8243; gutter_size=\u00bb3&#8243; overlay_alpha=\u00bb50&#8243; shift_x=\u00bb0&#8243; shift_y=\u00bb0&#8243; shift_y_down=\u00bb0&#8243; z_index=\u00bb0&#8243; medium_width=\u00bb0&#8243; mobile_width=\u00bb0&#8243; width=\u00bb8\/12&#8243;][vc_custom_heading text_color=\u00bbcolor-wvjs\u00bb text_font=\u00bbfont-359101&#8243; text_weight=\u00bb400&#8243; text_height=\u00bbfontheight-357766&#8243; sub_lead=\u00bbyes\u00bb sub_reduced=\u00bbyes\u00bb css_animation=\u00bbcurtain\u00bb animation_speed=\u00bb1000&#8243; interval_animation=\u00bb60&#8243; text_align=\u00bbtext-left\u00bb text_serif=\u00bbyes\u00bb uncode_shortcode_id=\u00bb246901&#8243; text_color_type=\u00bbuncode-palette\u00bb]An\u00e1lisis exhaustivos de t\u00e9cnicas cinematogr\u00e1ficas, temas y narrativa. Descubre c\u00f3mo las pel\u00edculas comunican m\u00e1s all\u00e1 de las palabras y moldean nuestra percepci\u00f3n del mundo.<\/p>\n<p>[\/vc_custom_heading][\/vc_column_inner][\/vc_row_inner][\/vc_column][\/vc_row]<\/p>\n<\/div>","protected":false},"excerpt":{"rendered":"<p>[vc_row unlock_row_content=\u00bbyes\u00bb row_height_percent=\u00bb0&#8243; override_padding=\u00bbyes\u00bb h_padding=\u00bb0&#8243; top_padding=\u00bb0&#8243; bottom_padding=\u00bb3&#8243; back_color=\u00bbcolor-xsdn\u00bb overlay_alpha=\u00bb100&#8243; gutter_size=\u00bb100&#8243; column_width_percent=\u00bb100&#8243; shift_y=\u00bb0&#8243; z_index=\u00bb0&#8243; bottom_divider=\u00bbstep\u00bb content_parallax=\u00bb0&#8243; style=\u00bbinherited\u00bb uncode_shortcode_id=\u00bb185648&#8243; back_color_type=\u00bbuncode-palette\u00bb][vc_column column_width_percent=\u00bb100&#8243; gutter_size=\u00bb4&#8243; [&hellip;]<\/p>\n","protected":false},"author":2,"featured_media":156314,"parent":0,"menu_order":0,"comment_status":"open","ping_status":"closed","template":"","meta":{"footnotes":""},"class_list":["post-156559","page","type-page","status-publish","has-post-thumbnail","hentry","page_category-portfolio-es"],"_links":{"self":[{"href":"https:\/\/www.laspiraledutemps.com\/es\/wp-json\/wp\/v2\/pages\/156559","targetHints":{"allow":["GET"]}}],"collection":[{"href":"https:\/\/www.laspiraledutemps.com\/es\/wp-json\/wp\/v2\/pages"}],"about":[{"href":"https:\/\/www.laspiraledutemps.com\/es\/wp-json\/wp\/v2\/types\/page"}],"author":[{"embeddable":true,"href":"https:\/\/www.laspiraledutemps.com\/es\/wp-json\/wp\/v2\/users\/2"}],"replies":[{"embeddable":true,"href":"https:\/\/www.laspiraledutemps.com\/es\/wp-json\/wp\/v2\/comments?post=156559"}],"version-history":[{"count":6,"href":"https:\/\/www.laspiraledutemps.com\/es\/wp-json\/wp\/v2\/pages\/156559\/revisions"}],"predecessor-version":[{"id":157038,"href":"https:\/\/www.laspiraledutemps.com\/es\/wp-json\/wp\/v2\/pages\/156559\/revisions\/157038"}],"wp:featuredmedia":[{"embeddable":true,"href":"https:\/\/www.laspiraledutemps.com\/es\/wp-json\/wp\/v2\/media\/156314"}],"wp:attachment":[{"href":"https:\/\/www.laspiraledutemps.com\/es\/wp-json\/wp\/v2\/media?parent=156559"}],"curies":[{"name":"wp","href":"https:\/\/api.w.org\/{rel}","templated":true}]}}