{"id":155470,"date":"2024-11-14T15:23:05","date_gmt":"2024-11-14T14:23:05","guid":{"rendered":"http:\/\/www.laspiraledutemps.com.mialias.net\/?page_id=155470"},"modified":"2025-05-21T19:28:35","modified_gmt":"2025-05-21T17:28:35","slug":"politica-de-privacidad","status":"publish","type":"page","link":"https:\/\/www.laspiraledutemps.com\/es\/politica-de-privacidad\/","title":{"rendered":"Pol\u00edtica de privacidad"},"content":{"rendered":"\r\n<h2 class=\"wp-block-heading\">1. Informaci\u00f3n General<\/h2>\r\n\r\n\r\n\r\n<p>En laspiraledutemps.com (en adelante, \u00abel sitio web\u00bb), respetamos su privacidad y estamos comprometidos con la protecci\u00f3n de sus datos personales. Esta pol\u00edtica explica c\u00f3mo recopilamos, usamos y protegemos la informaci\u00f3n del usuario de acuerdo con el <strong>Reglamento General de Protecci\u00f3n de Datos (RGPD) de la Uni\u00f3n Europea<\/strong>.<\/p>\r\n<p>El responsable del tratamiento de datos de este sitio web (laspiraledutemps), accesible en laspiraledutemps<em>.com<\/em>, es:<\/p>\r\n<ul>\r\n<li>\r\n<p><strong>Responsable del Tratamiento:<\/strong> David Canton G.<\/p>\r\n<\/li>\r\n<li>\r\n<p><strong>Correo de Contacto:<\/strong> <a href=\"mailto:info@laspiraledutemps.com\">info@laspiraledutemps.com<\/a><\/p>\r\n<\/li>\r\n<\/ul>\r\n\r\n\r\n\r\n<h2 class=\"wp-block-heading\">2. Datos Recopilados y Prop\u00f3sito<\/h2>\r\n<h3>2.1. Formulario de Contacto<\/h3>\r\n\r\n\r\n\r\n<p>Si decide contactarnos a trav\u00e9s del formulario de contacto, recopilaremos los siguientes datos:<\/p>\r\n<ul>\r\n<li>\r\n<p><strong>Nombre<\/strong><\/p>\r\n<\/li>\r\n<li>\r\n<p><strong>Direcci\u00f3n de Correo Electr\u00f3nico<\/strong><\/p>\r\n<\/li>\r\n<li>\r\n<p><strong>Contenido del Mensaje<\/strong><\/p>\r\n<\/li>\r\n<\/ul>\r\n<p>Estos datos se utilizan \u00fanicamente para responder a su consulta y no se comparten con terceros.<\/p>\r\n<h3>2.2. WPML<\/h3>\r\n<p><strong>WPML<\/strong> utiliza cookies para recordar el idioma preferido de los usuarios y mejorar su experiencia. Estas cookies no recopilan informaci\u00f3n personal.<\/p>\r\n<h3>2.3. Google Analytics<\/h3>\r\n<p>Este sitio web utiliza <strong>Google Analytics<\/strong>, un servicio de an\u00e1lisis web proporcionado por Google LLC. Google Analytics recopila informaci\u00f3n sobre el uso del sitio web, como:<\/p>\r\n<ul>\r\n<li>\r\n<p>Direcci\u00f3n IP (anonimizada)<\/p>\r\n<\/li>\r\n<li>\r\n<p>Tipo de dispositivo y navegador<\/p>\r\n<\/li>\r\n<li>\r\n<p>P\u00e1ginas visitadas y duraci\u00f3n de la visita<\/p>\r\n<\/li>\r\n<\/ul>\r\n<p>Esta informaci\u00f3n se utiliza para mejorar la experiencia del usuario y comprender el uso del sitio web. Google puede transferir estos datos fuera de la UE, pero cumple con el RGPD. Puede consultar su pol\u00edtica aqu\u00ed: <a href=\"https:\/\/policies.google.com\/privacy\" target=\"_new\" rel=\"noopener\">Pol\u00edtica de Privacidad de Google<\/a>.<\/p>\r\n<h3>2.4. Vimeo<\/h3>\r\n<p>Los videos incrustados de <strong>Vimeo<\/strong> pueden recopilar datos de navegaci\u00f3n y establecer cookies. Puede consultar su pol\u00edtica aqu\u00ed: <a href=\"https:\/\/vimeo.com\/privacy\" target=\"_new\" rel=\"noopener\">Pol\u00edtica de Privacidad de Vimeo<\/a>.<\/p>\r\n<h3>2.5. Cookies<\/h3>\r\n<p>Este sitio web utiliza cookies propias y de terceros para su funcionamiento y an\u00e1lisis del tr\u00e1fico. Puede configurar o rechazar las cookies a trav\u00e9s del banner de configuraci\u00f3n de cookies o la configuraci\u00f3n de su navegador. Para m\u00e1s informaci\u00f3n, consulte nuestra <a href=\"http:\/\/www.laspiraledutemps.com.mialias.net\/cookie-policy\/\"><strong>Pol\u00edtica de Cookies<\/strong><\/a>.<\/p>\r\n\r\n\r\n\r\n<h2 class=\"wp-block-heading\"><strong>3. Base Legal para el Tratamiento<\/strong><\/h2>\r\n<p>El tratamiento de datos personales se basa en:<\/p>\r\n<ul>\r\n<li>\r\n<p><strong>Consentimiento del usuario<\/strong>, otorgado al completar el formulario de contacto o aceptar cookies.<\/p>\r\n<\/li>\r\n<li>\r\n<p><strong>Inter\u00e9s leg\u00edtimo del titular del sitio web<\/strong>, para mejorar el servicio a trav\u00e9s del an\u00e1lisis de Google Analytics.<\/p>\r\n<\/li>\r\n<\/ul>\r\n\r\n\r\n\r\n<h2 class=\"wp-block-heading\"><strong>4. Derechos del Usuario<\/strong><\/h2>\r\n<p>Seg\u00fan el RGPD, los usuarios pueden ejercer sus derechos de acceso, rectificaci\u00f3n, supresi\u00f3n, limitaci\u00f3n del tratamiento y oposici\u00f3n escribiendo a <a href=\"mailto:info@laspiraledutemps.com\">info@laspiraledutemps.com<\/a>.<\/p>\r\n","protected":false},"excerpt":{"rendered":"<p>1. Informaci\u00f3n General En laspiraledutemps.com (en adelante, \u00abel sitio web\u00bb), respetamos su privacidad y estamos comprometidos con la protecci\u00f3n de [&hellip;]<\/p>\n","protected":false},"author":1,"featured_media":0,"parent":0,"menu_order":0,"comment_status":"closed","ping_status":"open","template":"","meta":{"footnotes":""},"class_list":["post-155470","page","type-page","status-publish","hentry"],"_links":{"self":[{"href":"https:\/\/www.laspiraledutemps.com\/es\/wp-json\/wp\/v2\/pages\/155470","targetHints":{"allow":["GET"]}}],"collection":[{"href":"https:\/\/www.laspiraledutemps.com\/es\/wp-json\/wp\/v2\/pages"}],"about":[{"href":"https:\/\/www.laspiraledutemps.com\/es\/wp-json\/wp\/v2\/types\/page"}],"author":[{"embeddable":true,"href":"https:\/\/www.laspiraledutemps.com\/es\/wp-json\/wp\/v2\/users\/1"}],"replies":[{"embeddable":true,"href":"https:\/\/www.laspiraledutemps.com\/es\/wp-json\/wp\/v2\/comments?post=155470"}],"version-history":[{"count":1,"href":"https:\/\/www.laspiraledutemps.com\/es\/wp-json\/wp\/v2\/pages\/155470\/revisions"}],"predecessor-version":[{"id":155717,"href":"https:\/\/www.laspiraledutemps.com\/es\/wp-json\/wp\/v2\/pages\/155470\/revisions\/155717"}],"wp:attachment":[{"href":"https:\/\/www.laspiraledutemps.com\/es\/wp-json\/wp\/v2\/media?parent=155470"}],"curies":[{"name":"wp","href":"https:\/\/api.w.org\/{rel}","templated":true}]}}