{"id":155468,"date":"2025-03-28T15:24:43","date_gmt":"2025-03-28T14:24:43","guid":{"rendered":"http:\/\/www.laspiraledutemps.com.mialias.net\/?page_id=155468"},"modified":"2025-05-21T19:28:30","modified_gmt":"2025-05-21T17:28:30","slug":"politica-de-cookies","status":"publish","type":"page","link":"https:\/\/www.laspiraledutemps.com\/es\/politica-de-cookies\/","title":{"rendered":"Pol\u00edtica de cookies"},"content":{"rendered":"\r\n<h2 class=\"wp-block-heading\">1. \u00bfQu\u00e9 son las cookies?<\/h2>\r\n\r\n\r\n\r\n<p>Las cookies son peque\u00f1os archivos de texto almacenados en el dispositivo del usuario cuando visita un sitio web. Se utilizan para garantizar el correcto funcionamiento del sitio, analizar el comportamiento del usuario y proporcionar contenido personalizado.<\/p>\r\n\r\n\r\n\r\n<h2 class=\"wp-block-heading\">2. Tipos de cookies que utilizamos<\/h2>\r\n\r\n\r\n\r\n<p class=\"\" data-start=\"355\" data-end=\"411\">Este sitio web utiliza las siguientes categor\u00edas de cookies:<\/p>\r\n<ul data-start=\"413\" data-end=\"794\">\r\n<li class=\"\" data-start=\"413\" data-end=\"557\">\r\n<p class=\"\" data-start=\"415\" data-end=\"557\"><strong data-start=\"415\" data-end=\"449\">Cookies t\u00e9cnicas (necesarias):<\/strong> Esenciales para el correcto funcionamiento del sitio web, como las cookies de WPML que recuerdan el idioma seleccionado.<\/p>\r\n<\/li>\r\n<li class=\"\" data-start=\"558\" data-end=\"678\">\r\n<p class=\"\" data-start=\"560\" data-end=\"678\"><strong data-start=\"560\" data-end=\"583\">Cookies anal\u00edticas:<\/strong> Utilizadas por Google Analytics para recopilar datos de navegaci\u00f3n an\u00f3nimos y mejorar la experiencia del usuario.<\/p>\r\n<\/li>\r\n<li class=\"\" data-start=\"679\" data-end=\"794\">\r\n<p class=\"\" data-start=\"681\" data-end=\"794\"><strong data-start=\"681\" data-end=\"705\">Cookies de terceros:<\/strong> Cookies de servicios externos como Vimeo, que pueden recopilar datos sobre la visualizaci\u00f3n de v\u00eddeos.<\/p>\r\n<\/li>\r\n<\/ul>\r\n\r\n\r\n\r\n<h2 class=\"wp-block-heading\" data-start=\"2119\" data-end=\"2159\">3. Cookies de terceros<\/h2>\r\n<p class=\"\" data-start=\"829\" data-end=\"916\">Este sitio web utiliza servicios de terceros que pueden instalar cookies en el dispositivo del usuario:<\/p>\r\n<ul data-start=\"918\" data-end=\"1323\">\r\n<li class=\"\" data-start=\"918\" data-end=\"1065\">\r\n<p class=\"\" data-start=\"920\" data-end=\"1065\"><strong data-start=\"920\" data-end=\"941\">Google Analytics:<\/strong> Para analizar el tr\u00e1fico y mejorar el sitio web. Pol\u00edtica de privacidad: <a class=\"\" href=\"https:\/\/policies.google.com\/privacy\" target=\"_new\" rel=\"noopener\" data-start=\"1002\" data-end=\"1062\">Pol\u00edtica de privacidad de Google<\/a>.<\/p>\r\n<\/li>\r\n<li class=\"\" data-start=\"1066\" data-end=\"1216\">\r\n<p class=\"\" data-start=\"1068\" data-end=\"1216\"><strong data-start=\"1068\" data-end=\"1077\">WPML:<\/strong> Para recordar el idioma de navegaci\u00f3n. M\u00e1s informaci\u00f3n: <a class=\"cursor-pointer\" href=\"https:\/\/wpml.org\/documentation\/support\/browser-cookies-stored-wpml\" target=\"_new\" rel=\"noopener\" data-start=\"1131\" data-end=\"1213\">Cookies de WPML<\/a>.<\/p>\r\n<\/li>\r\n<li class=\"\" data-start=\"1217\" data-end=\"1323\">\r\n<p class=\"\" data-start=\"1219\" data-end=\"1323\"><strong data-start=\"1219\" data-end=\"1229\">Vimeo:<\/strong> Para la reproducci\u00f3n de v\u00eddeos incrustados. Pol\u00edtica de privacidad: <a class=\"\" href=\"https:\/\/vimeo.com\/privacy\" target=\"_new\" rel=\"noopener\" data-start=\"1271\" data-end=\"1320\">Pol\u00edtica de privacidad de Vimeo<\/a>.<\/p>\r\n<\/li>\r\n<\/ul>\r\n\r\n\r\n\r\n\r\n\r\n<h2 class=\"wp-block-heading\" data-start=\"2296\" data-end=\"2322\"><strong data-start=\"2299\" data-end=\"2320\">4. <\/strong><strong data-start=\"1329\" data-end=\"1363\">Consentimiento y configuraci\u00f3n de cookies<\/strong><\/h2>\r\n<p class=\"\" data-start=\"1366\" data-end=\"1538\">Al acceder al sitio web, los usuarios pueden aceptar o rechazar las cookies no esenciales a trav\u00e9s del banner de configuraci\u00f3n de cookies. Tambi\u00e9n pueden gestionarlas a trav\u00e9s de la configuraci\u00f3n de su navegador:<\/p>\r\n<ul data-start=\"1540\" data-end=\"1934\">\r\n<li class=\"\" data-start=\"1540\" data-end=\"1623\">\r\n<p class=\"\" data-start=\"1542\" data-end=\"1623\"><strong data-start=\"1542\" data-end=\"1560\">Google Chrome:<\/strong> <a class=\"cursor-pointer\" href=\"https:\/\/support.google.com\/chrome\/answer\/95647?hl=es\" target=\"_new\" rel=\"noopener\" data-start=\"1561\" data-end=\"1621\">Enlace<\/a><\/p>\r\n<\/li>\r\n<li class=\"\" data-start=\"1624\" data-end=\"1740\">\r\n<p class=\"\" data-start=\"1626\" data-end=\"1740\"><strong data-start=\"1626\" data-end=\"1646\">Mozilla Firefox:<\/strong> <a class=\"\" href=\"https:\/\/support.mozilla.org\/es\/kb\/habilitar-y-deshabilitar-cookies-sitios-web-rastrear-preferencias\" target=\"_new\" rel=\"noopener\" data-start=\"1647\" data-end=\"1738\">Enlace<\/a><\/p>\r\n<\/li>\r\n<li class=\"\" data-start=\"1741\" data-end=\"1823\">\r\n<p class=\"\" data-start=\"1743\" data-end=\"1823\"><strong data-start=\"1743\" data-end=\"1754\">Safari:<\/strong> <a class=\"\" href=\"https:\/\/support.apple.com\/es-es\/guide\/safari\/sfri11471\/mac\" target=\"_new\" rel=\"noopener\" data-start=\"1755\" data-end=\"1821\">Enlace<\/a><\/p>\r\n<\/li>\r\n<li class=\"\" data-start=\"1824\" data-end=\"1934\">\r\n<p class=\"\" data-start=\"1826\" data-end=\"1934\"><strong data-start=\"1826\" data-end=\"1845\">Microsoft Edge:<\/strong> <a class=\"\" href=\"https:\/\/support.microsoft.com\/es-es\/help\/4027947\/microsoft-edge-delete-cookies\" target=\"_new\" rel=\"noopener\" data-start=\"1846\" data-end=\"1932\">Enlace<\/a><\/p>\r\n<\/li>\r\n<\/ul>\r\n<h2 class=\"\" data-start=\"2296\" data-end=\"2322\"><strong data-start=\"2299\" data-end=\"2320\">5. <\/strong><strong data-start=\"1940\" data-end=\"1976\">Cambios en la pol\u00edtica de cookies<\/strong><\/h2>\r\n<p class=\"\" data-start=\"1979\" data-end=\"2124\">Nos reservamos el derecho de actualizar esta pol\u00edtica de cookies en cualquier momento. Recomendamos revisarla peri\u00f3dicamente para mantenerse informado sobre posibles cambios.<\/p>\r\n","protected":false},"excerpt":{"rendered":"<p>1. \u00bfQu\u00e9 son las cookies? Las cookies son peque\u00f1os archivos de texto almacenados en el dispositivo del usuario cuando visita [&hellip;]<\/p>\n","protected":false},"author":1,"featured_media":0,"parent":0,"menu_order":0,"comment_status":"closed","ping_status":"closed","template":"","meta":{"footnotes":""},"class_list":["post-155468","page","type-page","status-publish","hentry"],"_links":{"self":[{"href":"https:\/\/www.laspiraledutemps.com\/es\/wp-json\/wp\/v2\/pages\/155468","targetHints":{"allow":["GET"]}}],"collection":[{"href":"https:\/\/www.laspiraledutemps.com\/es\/wp-json\/wp\/v2\/pages"}],"about":[{"href":"https:\/\/www.laspiraledutemps.com\/es\/wp-json\/wp\/v2\/types\/page"}],"author":[{"embeddable":true,"href":"https:\/\/www.laspiraledutemps.com\/es\/wp-json\/wp\/v2\/users\/1"}],"replies":[{"embeddable":true,"href":"https:\/\/www.laspiraledutemps.com\/es\/wp-json\/wp\/v2\/comments?post=155468"}],"version-history":[{"count":1,"href":"https:\/\/www.laspiraledutemps.com\/es\/wp-json\/wp\/v2\/pages\/155468\/revisions"}],"predecessor-version":[{"id":155716,"href":"https:\/\/www.laspiraledutemps.com\/es\/wp-json\/wp\/v2\/pages\/155468\/revisions\/155716"}],"wp:attachment":[{"href":"https:\/\/www.laspiraledutemps.com\/es\/wp-json\/wp\/v2\/media?parent=155468"}],"curies":[{"name":"wp","href":"https:\/\/api.w.org\/{rel}","templated":true}]}}