{"id":155466,"date":"2017-05-05T12:19:47","date_gmt":"2017-05-05T10:19:47","guid":{"rendered":"http:\/\/www.laspiraledutemps.com.mialias.net\/?page_id=155466"},"modified":"2025-07-29T19:28:54","modified_gmt":"2025-07-29T17:28:54","slug":"donar","status":"publish","type":"page","link":"https:\/\/www.laspiraledutemps.com\/es\/donar\/","title":{"rendered":"Donar"},"content":{"rendered":"<div class=\"wpb-content-wrapper\"><p>[vc_row unlock_row_content=\u00bbyes\u00bb row_height_percent=\u00bb100&#8243; override_padding=\u00bbyes\u00bb h_padding=\u00bb0&#8243; top_padding=\u00bb0&#8243; bottom_padding=\u00bb0&#8243; back_color=\u00bbcolor-xsdn\u00bb overlay_alpha=\u00bb50&#8243; equal_height=\u00bbyes\u00bb gutter_size=\u00bb3&#8243; column_width_percent=\u00bb100&#8243; shift_y=\u00bb0&#8243; z_index=\u00bb0&#8243; content_parallax=\u00bb0&#8243; uncode_shortcode_id=\u00bb183845&#8243; back_color_type=\u00bbuncode-palette\u00bb][vc_column column_width_percent=\u00bb100&#8243; gutter_size=\u00bb3&#8243; expand_height=\u00bbyes\u00bb style=\u00bbdark\u00bb overlay_alpha=\u00bb50&#8243; shift_x=\u00bb0&#8243; shift_y=\u00bb0&#8243; z_index=\u00bb0&#8243; medium_width=\u00bb0&#8243; width=\u00bb1\/1&#8243;][vc_row_inner row_inner_height_percent=\u00bb49&#8243; overlay_alpha=\u00bb50&#8243; equal_height=\u00bbyes\u00bb gutter_size=\u00bb0&#8243; shift_y=\u00bb0&#8243; z_index=\u00bb0&#8243; limit_content=\u00bb\u00bb uncode_shortcode_id=\u00bb188793&#8243;][vc_column_inner column_width_use_pixel=\u00bbyes\u00bb gutter_size=\u00bb3&#8243; expand_height=\u00bbyes\u00bb back_image=\u00bb155028&#8243; back_repeat=\u00bbno-repeat\u00bb back_position=\u00bbcenter center\u00bb overlay_alpha=\u00bb50&#8243; shift_x=\u00bb0&#8243; shift_y=\u00bb0&#8243; shift_y_down=\u00bb0&#8243; z_index=\u00bb0&#8243; medium_width=\u00bb0&#8243; mobile_width=\u00bb0&#8243; width=\u00bb1\/2&#8243; mobile_height=\u00bb300&#8243; uncode_shortcode_id=\u00bb135088&#8243;][\/vc_column_inner][vc_column_inner column_width_percent=\u00bb65&#8243; position_vertical=\u00bbmiddle\u00bb align_horizontal=\u00bbalign_center\u00bb gutter_size=\u00bb3&#8243; override_padding=\u00bbyes\u00bb column_padding=\u00bb3&#8243; style=\u00bblight\u00bb font_family=\u00bbfont-136269&#8243; overlay_alpha=\u00bb50&#8243; shift_x=\u00bb0&#8243; shift_y=\u00bb0&#8243; shift_y_down=\u00bb0&#8243; z_index=\u00bb0&#8243; medium_width=\u00bb0&#8243; mobile_width=\u00bb0&#8243; width=\u00bb1\/2&#8243; uncode_shortcode_id=\u00bb170419&#8243;][vc_custom_heading heading_semantic=\u00bbh1&#8243; text_font=\u00bbfont-136269&#8243; text_size=\u00bbfontsize-155944&#8243; text_align=\u00bbtext-left\u00bb uncode_shortcode_id=\u00bb149491&#8243;]Tu contribuci\u00f3n hace posible mi trabajo.[\/vc_custom_heading][vc_button button_color=\u00bbcolor-210407&#8243; size=\u00bbbtn-lg\u00bb radius=\u00bbbtn-round\u00bb wide=\u00bbyes\u00bb border_width=\u00bb0&#8243; link=\u00bburl:https%3A%2F%2Fwww.buymeacoffee.com%2Flaspiraledutemps|target:_blank\u00bb button_color_type=\u00bbuncode-palette\u00bb icon=\u00bbfa fa-coffee-cup\u00bb uncode_shortcode_id=\u00bb186697&#8243;]C\u00f3mprame un caf\u00e9[\/vc_button][vc_column_text text_lead=\u00bbyes\u00bb uncode_shortcode_id=\u00bb666402&#8243;]<strong>\u00bfTe ha gustado laspiraledutemps?<\/strong><\/p>\n<p>Si aprecias el trabajo hecho con pasi\u00f3n y quieres seguir viendo nuevo contenido, puedes apoyarme haciendo una donaci\u00f3n. Las donaciones sirven para mejorar el contenido, ampliarlo y cubrir los costes asociados a laspiraledutemps: dominio, servidor, alojamiento, licencias, edici\u00f3n, locuci\u00f3n, dise\u00f1o y tiempo para investigar.<\/p>\n<p>&nbsp;<\/p>\n<p>Muchas gracias por tu <a href=\"https:\/\/www.buymeacoffee.com\/laspiraledutemps\" target=\"_blank\" rel=\"noopener noreferrer\"><u>apoyo.<\/u><\/a>[\/vc_column_text][vc_single_image media=\u00bb155122&#8243; media_width_percent=\u00bb40&#8243; alignment=\u00bbcenter\u00bb uncode_shortcode_id=\u00bb131023&#8243; media_link=\u00bburl:https%3A%2F%2Fwww.buymeacoffee.com%2Flaspiraledutemps|target:_blank\u00bb][\/vc_column_inner][\/vc_row_inner][\/vc_column][\/vc_row]<\/p>\n<\/div>","protected":false},"excerpt":{"rendered":"<p>[vc_row unlock_row_content=\u00bbyes\u00bb row_height_percent=\u00bb100&#8243; override_padding=\u00bbyes\u00bb h_padding=\u00bb0&#8243; top_padding=\u00bb0&#8243; bottom_padding=\u00bb0&#8243; back_color=\u00bbcolor-xsdn\u00bb overlay_alpha=\u00bb50&#8243; equal_height=\u00bbyes\u00bb gutter_size=\u00bb3&#8243; column_width_percent=\u00bb100&#8243; shift_y=\u00bb0&#8243; z_index=\u00bb0&#8243; content_parallax=\u00bb0&#8243; uncode_shortcode_id=\u00bb183845&#8243; back_color_type=\u00bbuncode-palette\u00bb][vc_column column_width_percent=\u00bb100&#8243; gutter_size=\u00bb3&#8243; expand_height=\u00bbyes\u00bb [&hellip;]<\/p>\n","protected":false},"author":1,"featured_media":156589,"parent":0,"menu_order":0,"comment_status":"closed","ping_status":"closed","template":"","meta":{"footnotes":""},"class_list":["post-155466","page","type-page","status-publish","has-post-thumbnail","hentry","page_category-portfolio-es"],"_links":{"self":[{"href":"https:\/\/www.laspiraledutemps.com\/es\/wp-json\/wp\/v2\/pages\/155466","targetHints":{"allow":["GET"]}}],"collection":[{"href":"https:\/\/www.laspiraledutemps.com\/es\/wp-json\/wp\/v2\/pages"}],"about":[{"href":"https:\/\/www.laspiraledutemps.com\/es\/wp-json\/wp\/v2\/types\/page"}],"author":[{"embeddable":true,"href":"https:\/\/www.laspiraledutemps.com\/es\/wp-json\/wp\/v2\/users\/1"}],"replies":[{"embeddable":true,"href":"https:\/\/www.laspiraledutemps.com\/es\/wp-json\/wp\/v2\/comments?post=155466"}],"version-history":[{"count":6,"href":"https:\/\/www.laspiraledutemps.com\/es\/wp-json\/wp\/v2\/pages\/155466\/revisions"}],"predecessor-version":[{"id":156517,"href":"https:\/\/www.laspiraledutemps.com\/es\/wp-json\/wp\/v2\/pages\/155466\/revisions\/156517"}],"wp:featuredmedia":[{"embeddable":true,"href":"https:\/\/www.laspiraledutemps.com\/es\/wp-json\/wp\/v2\/media\/156589"}],"wp:attachment":[{"href":"https:\/\/www.laspiraledutemps.com\/es\/wp-json\/wp\/v2\/media?parent=155466"}],"curies":[{"name":"wp","href":"https:\/\/api.w.org\/{rel}","templated":true}]}}