{"id":155455,"date":"2021-03-18T11:50:15","date_gmt":"2021-03-18T10:50:15","guid":{"rendered":"http:\/\/www.laspiraledutemps.com.mialias.net\/?page_id=155455"},"modified":"2025-08-22T17:40:15","modified_gmt":"2025-08-22T15:40:15","slug":"about","status":"publish","type":"page","link":"https:\/\/www.laspiraledutemps.com\/es\/about\/","title":{"rendered":"Acerca de"},"content":{"rendered":"<div class=\"wpb-content-wrapper\"><p>[vc_row unlock_row_content=\u00bbyes\u00bb row_height_percent=\u00bb45&#8243; override_padding=\u00bbyes\u00bb h_padding=\u00bb1&#8243; top_padding=\u00bb4&#8243; bottom_padding=\u00bb4&#8243; back_color=\u00bbcolor-xsdn\u00bb back_image=\u00bb156652&#8243; back_position=\u00bbcenter center\u00bb overlay_alpha=\u00bb50&#8243; gutter_size=\u00bb3&#8243; column_width_percent=\u00bb100&#8243; shift_y=\u00bb0&#8243; z_index=\u00bb0&#8243; content_parallax=\u00bb0&#8243; uncode_shortcode_id=\u00bb809809&#8243; back_color_type=\u00bbuncode-palette\u00bb][vc_column column_width_use_pixel=\u00bbyes\u00bb position_vertical=\u00bbbottom\u00bb align_horizontal=\u00bbalign_center\u00bb gutter_size=\u00bb3&#8243; overlay_alpha=\u00bb50&#8243; shift_x=\u00bb0&#8243; shift_y=\u00bb0&#8243; shift_y_down=\u00bb0&#8243; z_index=\u00bb0&#8243; medium_width=\u00bb0&#8243; mobile_width=\u00bb0&#8243; width=\u00bb1\/1&#8243; column_width_pixel=\u00bb1000&#8243; uncode_shortcode_id=\u00bb182092&#8243;][vc_custom_heading text_color=\u00bbcolor-xsdn\u00bb heading_semantic=\u00bbh1&#8243; text_font=\u00bbfont-136269&#8243; text_size=\u00bbfontsize-338686&#8243; text_weight=\u00bb600&#8243; text_transform=\u00bbuppercase\u00bb uncode_shortcode_id=\u00bb958607&#8243; text_color_type=\u00bbuncode-palette\u00bb]Un di\u00e1logo secreto entre espejos[\/vc_custom_heading][\/vc_column][\/vc_row][vc_row row_height_percent=\u00bb0&#8243; override_padding=\u00bbyes\u00bb h_padding=\u00bb2&#8243; top_padding=\u00bb3&#8243; bottom_padding=\u00bb3&#8243; overlay_alpha=\u00bb50&#8243; gutter_size=\u00bb3&#8243; column_width_percent=\u00bb100&#8243; shift_y=\u00bb0&#8243; z_index=\u00bb0&#8243; enable_bottom_divider=\u00bbdefault\u00bb bottom_divider=\u00bbgradient\u00bb shape_bottom_h_use_pixel=\u00bb\u00bb shape_bottom_height=\u00bb300&#8243; shape_bottom_color=\u00bbcolor-lxmt\u00bb shape_bottom_opacity=\u00bb100&#8243; shape_bottom_index=\u00bb0&#8243; content_parallax=\u00bb0&#8243; uncode_shortcode_id=\u00bb211346&#8243; shape_bottom_color_type=\u00bbuncode-palette\u00bb][vc_column column_width_percent=\u00bb100&#8243; gutter_size=\u00bb3&#8243; overlay_alpha=\u00bb50&#8243; shift_x=\u00bb-5&#8243; shift_y=\u00bb0&#8243; shift_y_down=\u00bb0&#8243; z_index=\u00bb0&#8243; medium_width=\u00bb3&#8243; mobile_width=\u00bb0&#8243; width=\u00bb4\/12&#8243; uncode_shortcode_id=\u00bb366777&#8243;][vc_single_image media=\u00bb156752&#8243; media_width_percent=\u00bb70&#8243; alignment=\u00bbcenter\u00bb css_animation=\u00bbbottom-t-top\u00bb animation_speed=\u00bb1400&#8243; uncode_shortcode_id=\u00bb113211&#8243;][vc_single_image media=\u00bb156704&#8243; media_width_percent=\u00bb100&#8243; media_ratio=\u00bbone-one\u00bb shape=\u00bbimg-circle\u00bb css_animation=\u00bbzoom-out\u00bb animation_speed=\u00bb400&#8243; animation_delay=\u00bb400&#8243; rotating=\u00bbscroll\u00bb uncode_shortcode_id=\u00bb191189&#8243;][\/vc_column][vc_column column_width_percent=\u00bb100&#8243; gutter_size=\u00bb2&#8243; font_family=\u00bbfont-136269&#8243; overlay_alpha=\u00bb50&#8243; shift_x=\u00bb0&#8243; shift_y=\u00bb0&#8243; shift_y_down=\u00bb0&#8243; z_index=\u00bb0&#8243; medium_width=\u00bb5&#8243; mobile_width=\u00bb0&#8243; width=\u00bb8\/12&#8243; uncode_shortcode_id=\u00bb129884&#8243;][vc_custom_heading text_font=\u00bbfont-136269&#8243; text_weight=\u00bb500&#8243; text_height=\u00bbfontheight-357766&#8243; uncode_shortcode_id=\u00bb174607&#8243;]Cuaderno de notas sobre cinematograf\u00eda[\/vc_custom_heading][vc_custom_heading heading_semantic=\u00bbh3&#8243; text_font=\u00bbfont-136269&#8243; text_size=\u00bbh4&#8243; text_weight=\u00bb500&#8243; text_height=\u00bbfontheight-357766&#8243; uncode_shortcode_id=\u00bb194192&#8243;]<span style=\"color: #808080;\">Laspiraledutemps es un cuaderno de notas sobre cinematograf\u00eda. Aqu\u00ed encontrar\u00e1s reflexiones en forma de videos y escritos. Ensayos y an\u00e1lisis que intentan atrapar un poco de esa magia que contienen las pel\u00edculas.<\/span>[\/vc_custom_heading][vc_empty_space empty_h=\u00bb2&#8243;][vc_custom_heading text_font=\u00bbfont-136269&#8243; text_weight=\u00bb500&#8243; text_height=\u00bbfontheight-357766&#8243; uncode_shortcode_id=\u00bb164412&#8243;]El cine como di\u00e1logo secreto[\/vc_custom_heading][vc_custom_heading heading_semantic=\u00bbh4&#8243; text_font=\u00bbfont-136269&#8243; text_size=\u00bbh4&#8243; text_weight=\u00bb500&#8243; text_height=\u00bbfontheight-357766&#8243; uncode_shortcode_id=\u00bb206108&#8243;]<span style=\"color: #808080;\">Para m\u00ed el cine es como un di\u00e1logo secreto entre espejos. Im\u00e1genes suspendidas en el tiempo que dan lugar a una experiencia \u00edntima y personal nacida del misterioso di\u00e1logo entre pantalla y espectador. Todo un ejercicio revelador convertido en raz\u00f3n de ser.<\/span>[\/vc_custom_heading][vc_empty_space empty_h=\u00bb2&#8243;][vc_custom_heading text_font=\u00bbfont-136269&#8243; text_weight=\u00bb500&#8243; text_height=\u00bbfontheight-357766&#8243; uncode_shortcode_id=\u00bb983567&#8243;]Amor compartido por el cine[\/vc_custom_heading][vc_custom_heading heading_semantic=\u00bbh3&#8243; text_font=\u00bbfont-136269&#8243; text_size=\u00bbh4&#8243; text_weight=\u00bb500&#8243; text_height=\u00bbfontheight-357766&#8243; uncode_shortcode_id=\u00bb104242&#8243;]<span style=\"color: #808080;\">Laspiraledutemps es mi forma de expresar el amor que muchos compartimos por el mundo del cine y la personas que hacen pel\u00edculas. Si el cine tambi\u00e9n es tu pasi\u00f3n, por favor comparte el contenido que est\u00e1s viendo para que otras personas puedan disfrutar igual que t\u00fa.<\/span>[\/vc_custom_heading][vc_empty_space empty_h=\u00bb1&#8243;][vc_custom_heading heading_semantic=\u00bbh3&#8243; text_font=\u00bbfont-136269&#8243; text_size=\u00bbh4&#8243; text_weight=\u00bb500&#8243; text_height=\u00bbfontheight-357766&#8243; uncode_shortcode_id=\u00bb132928&#8243;]<span style=\"color: #808080;\">Todos los trabajos de laspiraledutemps tienen el objetivo de divulgar y fomentar contenido educativo, cultural y art\u00edstico. Espero que lo disfrutes. Gracias por tu tiempo (en espiral), David Canton.<\/span>[\/vc_custom_heading][\/vc_column][\/vc_row][vc_row row_height_percent=\u00bb0&#8243; override_padding=\u00bbyes\u00bb h_padding=\u00bb2&#8243; top_padding=\u00bb3&#8243; bottom_padding=\u00bb3&#8243; back_color=\u00bbcolor-wayh\u00bb overlay_alpha=\u00bb50&#8243; gutter_size=\u00bb3&#8243; column_width_percent=\u00bb100&#8243; shift_y=\u00bb0&#8243; z_index=\u00bb0&#8243; content_parallax=\u00bb0&#8243; uncode_shortcode_id=\u00bb211581&#8243; back_color_type=\u00bbuncode-palette\u00bb][vc_column column_width_percent=\u00bb100&#8243; position_vertical=\u00bbmiddle\u00bb align_horizontal=\u00bbalign_center\u00bb gutter_size=\u00bb3&#8243; style=\u00bbdark\u00bb overlay_alpha=\u00bb50&#8243; shift_x=\u00bb0&#8243; shift_y=\u00bb0&#8243; shift_y_down=\u00bb0&#8243; z_index=\u00bb0&#8243; medium_width=\u00bb0&#8243; mobile_width=\u00bb0&#8243; width=\u00bb1\/1&#8243;][vc_gallery el_id=\u00bbgallery-357159-855&#8243; type=\u00bbcarousel\u00bb medias=\u00bb156704,156706,156708,156710,156702&#8243; carousel_lg=\u00bb1&#8243; carousel_md=\u00bb1&#8243; carousel_sm=\u00bb1&#8243; thumb_size=\u00bbsixteen-nine\u00bb gutter_size=\u00bb2&#8243; media_items=\u00bbmedia|nolink|original\u00bb carousel_interval=\u00bb3000&#8243; carousel_navspeed=\u00bb700&#8243; carousel_loop=\u00bbyes\u00bb carousel_overflow=\u00bbyes\u00bb carousel_dot_position=\u00bbleft\u00bb carousel_pointer_events=\u00bbyes\u00bb stage_padding=\u00bb0&#8243; single_overlay_opacity=\u00bb50&#8243; single_overlay_anim=\u00bbno\u00bb single_text_anim=\u00bbno\u00bb single_image_anim=\u00bbno\u00bb single_padding=\u00bb2&#8243; single_border=\u00bbyes\u00bb uncode_shortcode_id=\u00bb184255&#8243;][\/vc_column][\/vc_row][vc_row][vc_column width=\u00bb1\/1&#8243;][vc_empty_space empty_h=\u00bb2&#8243;][vc_custom_heading heading_semantic=\u00bbh1&#8243; text_font=\u00bbfont-787672&#8243; text_size=\u00bbh1&#8243; uncode_shortcode_id=\u00bb203237&#8243;]<\/p>\n<h1><span class=\"font-787672\">\u00abAl final, todo se convierte en imagen\u00bb. Manoel de Oliveira.<\/span><\/h1>\n<p>[\/vc_custom_heading][\/vc_column][\/vc_row][vc_row][vc_column width=\u00bb1\/1&#8243;][vc_empty_space empty_h=\u00bb2&#8243;][\/vc_column][\/vc_row]<\/p>\n<\/div>","protected":false},"excerpt":{"rendered":"<p>[vc_row unlock_row_content=\u00bbyes\u00bb row_height_percent=\u00bb45&#8243; override_padding=\u00bbyes\u00bb h_padding=\u00bb1&#8243; top_padding=\u00bb4&#8243; bottom_padding=\u00bb4&#8243; back_color=\u00bbcolor-xsdn\u00bb back_image=\u00bb156652&#8243; back_position=\u00bbcenter center\u00bb overlay_alpha=\u00bb50&#8243; gutter_size=\u00bb3&#8243; column_width_percent=\u00bb100&#8243; shift_y=\u00bb0&#8243; z_index=\u00bb0&#8243; content_parallax=\u00bb0&#8243; uncode_shortcode_id=\u00bb809809&#8243; back_color_type=\u00bbuncode-palette\u00bb][vc_column column_width_use_pixel=\u00bbyes\u00bb [&hellip;]<\/p>\n","protected":false},"author":1,"featured_media":156716,"parent":0,"menu_order":0,"comment_status":"closed","ping_status":"closed","template":"","meta":{"footnotes":""},"class_list":["post-155455","page","type-page","status-publish","has-post-thumbnail","hentry","page_category-portfolio-es"],"_links":{"self":[{"href":"https:\/\/www.laspiraledutemps.com\/es\/wp-json\/wp\/v2\/pages\/155455","targetHints":{"allow":["GET"]}}],"collection":[{"href":"https:\/\/www.laspiraledutemps.com\/es\/wp-json\/wp\/v2\/pages"}],"about":[{"href":"https:\/\/www.laspiraledutemps.com\/es\/wp-json\/wp\/v2\/types\/page"}],"author":[{"embeddable":true,"href":"https:\/\/www.laspiraledutemps.com\/es\/wp-json\/wp\/v2\/users\/1"}],"replies":[{"embeddable":true,"href":"https:\/\/www.laspiraledutemps.com\/es\/wp-json\/wp\/v2\/comments?post=155455"}],"version-history":[{"count":11,"href":"https:\/\/www.laspiraledutemps.com\/es\/wp-json\/wp\/v2\/pages\/155455\/revisions"}],"predecessor-version":[{"id":156778,"href":"https:\/\/www.laspiraledutemps.com\/es\/wp-json\/wp\/v2\/pages\/155455\/revisions\/156778"}],"wp:featuredmedia":[{"embeddable":true,"href":"https:\/\/www.laspiraledutemps.com\/es\/wp-json\/wp\/v2\/media\/156716"}],"wp:attachment":[{"href":"https:\/\/www.laspiraledutemps.com\/es\/wp-json\/wp\/v2\/media?parent=155455"}],"curies":[{"name":"wp","href":"https:\/\/api.w.org\/{rel}","templated":true}]}}