{"id":155451,"date":"2021-12-14T15:06:55","date_gmt":"2021-12-14T14:06:55","guid":{"rendered":"http:\/\/www.laspiraledutemps.com.mialias.net\/?page_id=155451"},"modified":"2025-08-22T17:30:48","modified_gmt":"2025-08-22T15:30:48","slug":"creative-photographer","status":"publish","type":"page","link":"https:\/\/www.laspiraledutemps.com\/es\/","title":{"rendered":"Inicio"},"content":{"rendered":"<div class=\"wpb-content-wrapper\"><p>[vc_row row_height_percent=\u00bb0&#8243; override_padding=\u00bbyes\u00bb h_padding=\u00bb2&#8243; top_padding=\u00bb2&#8243; bottom_padding=\u00bb2&#8243; back_color=\u00bbcolor-xsdn\u00bb overlay_alpha=\u00bb50&#8243; gutter_size=\u00bb3&#8243; column_width_percent=\u00bb100&#8243; shift_y=\u00bb0&#8243; z_index=\u00bb0&#8243; content_parallax=\u00bb3&#8243; uncode_shortcode_id=\u00bb111874&#8243; back_color_type=\u00bbuncode-palette\u00bb][vc_column column_width_percent=\u00bb100&#8243; gutter_size=\u00bb3&#8243; overlay_alpha=\u00bb50&#8243; shift_x=\u00bb0&#8243; shift_y=\u00bb0&#8243; shift_y_down=\u00bb0&#8243; z_index=\u00bb0&#8243; medium_width=\u00bb0&#8243; mobile_width=\u00bb0&#8243; css_animation=\u00bbalpha-anim\u00bb animation_speed=\u00bb1400&#8243; animation_delay=\u00bb100&#8243; width=\u00bb1\/1&#8243; uncode_shortcode_id=\u00bb185028&#8243;][vc_custom_heading heading_semantic=\u00bbh3&#8243; text_font=\u00bbfont-136269&#8243; text_size=\u00bbfontsize-210105&#8243; text_weight=\u00bb500&#8243; text_space=\u00bbfontspace-781688&#8243; css_animation=\u00bbcurtain\u00bb animation_speed=\u00bb800&#8243; animation_delay=\u00bb100&#8243; interval_animation=\u00bb20&#8243; uncode_shortcode_id=\u00bb137805&#8243;]<\/p>\n<p style=\"text-align: left;\">La spirale du temps: un viaje a trav\u00e9s de im\u00e1genes, reflexiones y el cine.<\/p>\n<p>[\/vc_custom_heading][\/vc_column][\/vc_row][vc_row unlock_row_content=\u00bbyes\u00bb row_height_percent=\u00bb60&#8243; override_padding=\u00bbyes\u00bb h_padding=\u00bb0&#8243; top_padding=\u00bb1&#8243; bottom_padding=\u00bb3&#8243; overlay_alpha=\u00bb50&#8243; gutter_size=\u00bb4&#8243; column_width_percent=\u00bb100&#8243; shift_y=\u00bb0&#8243; z_index=\u00bb0&#8243; content_parallax=\u00bb0&#8243; uncode_shortcode_id=\u00bb753802&#8243;][vc_column column_width_percent=\u00bb100&#8243; position_vertical=\u00bbmiddle\u00bb gutter_size=\u00bb3&#8243; style=\u00bblight\u00bb overlay_alpha=\u00bb50&#8243; shift_x=\u00bb0&#8243; shift_y=\u00bb0&#8243; shift_y_down=\u00bb0&#8243; z_index=\u00bb0&#8243; medium_width=\u00bb0&#8243; mobile_width=\u00bb0&#8243; width=\u00bb1\/1&#8243; uncode_shortcode_id=\u00bb274979&#8243;][uncode_index el_id=\u00bbindex-9383655&#8243; loop=\u00bbsize:6|order_by:title|order:ASC|post_type:page|taxonomy_count:10&#8243; screen_lg=\u00bb1000&#8243; screen_md=\u00bb600&#8243; screen_sm=\u00bb480&#8243; gutter_size=\u00bb0&#8243; page_items=\u00bbmedia|featured|onpost|original,title|-\u00bb single_text=\u00bboverlay\u00bb single_width=\u00bb6&#8243; single_overlay_opacity=\u00bb1&#8243; single_overlay_anim=\u00bbno\u00bb single_text_visible=\u00bbyes\u00bb single_text_anim_type=\u00bbbtt\u00bb single_image_magnetic=\u00bbyes\u00bb single_h_align=\u00bbcenter\u00bb single_h_align_mobile=\u00bbcenter\u00bb single_v_position=\u00bbbottom\u00bb single_padding=\u00bb0&#8243; single_title_family=\u00bbfont-136269&#8243; single_title_dimension=\u00bbfontsize-445851&#8243; single_title_transform=\u00bbuppercase\u00bb single_title_height=\u00bbfontheight-578034&#8243; single_text_lead=\u00bbyes\u00bb single_border=\u00bbyes\u00bb single_css_animation=\u00bbalpha-anim\u00bb custom_order=\u00bbyes\u00bb no_double_tap=\u00bbyes\u00bb lbox_skin=\u00bbwhite\u00bb textual_display=\u00bbinline\u00bb drop_title_hover=\u00bboutlined-inverted\u00bb drop_image_index=\u00bbyes\u00bb uncode_shortcode_id=\u00bb695239&#8243; order_ids=\u00bb156559,155459,155455,155461,155464,155466&#8243;][\/vc_column][\/vc_row][vc_row row_height_percent=\u00bb0&#8243; override_padding=\u00bbyes\u00bb h_padding=\u00bb2&#8243; top_padding=\u00bb4&#8243; bottom_padding=\u00bb4&#8243; back_color=\u00bbcolor-lxmt\u00bb overlay_alpha=\u00bb50&#8243; gutter_size=\u00bb4&#8243; column_width_percent=\u00bb100&#8243; shift_y=\u00bb0&#8243; z_index=\u00bb0&#8243; content_parallax=\u00bb0&#8243; uncode_shortcode_id=\u00bb211618&#8243; back_color_type=\u00bbuncode-palette\u00bb][vc_column column_width_percent=\u00bb100&#8243; gutter_size=\u00bb3&#8243; overlay_alpha=\u00bb50&#8243; shift_x=\u00bb0&#8243; shift_y=\u00bb0&#8243; shift_y_down=\u00bb0&#8243; z_index=\u00bb0&#8243; medium_width=\u00bb3&#8243; mobile_width=\u00bb0&#8243; width=\u00bb4\/12&#8243; uncode_shortcode_id=\u00bb625002&#8243;][vc_single_image media=\u00bb155024&#8243; media_width_percent=\u00bb100&#8243; uncode_shortcode_id=\u00bb110206&#8243;][\/vc_column][vc_column column_width_percent=\u00bb100&#8243; gutter_size=\u00bb3&#8243; overlay_alpha=\u00bb50&#8243; shift_x=\u00bb0&#8243; shift_y=\u00bb0&#8243; shift_y_down=\u00bb0&#8243; z_index=\u00bb0&#8243; medium_width=\u00bb5&#8243; mobile_width=\u00bb0&#8243; width=\u00bb8\/12&#8243; uncode_shortcode_id=\u00bb493880&#8243;][vc_custom_heading heading_semantic=\u00bbh3&#8243; text_font=\u00bbfont-787672&#8243; text_size=\u00bbfontsize-155944&#8243; text_weight=\u00bb500&#8243; text_space=\u00bbfontspace-781688&#8243; uncode_shortcode_id=\u00bb155282&#8243;]Sobre m\u00ed y mi viaje a trav\u00e9s del cine[\/vc_custom_heading][vc_custom_heading heading_semantic=\u00bbp\u00bb text_font=\u00bbfont-787672&#8243; text_weight=\u00bb400&#8243; text_height=\u00bbfontheight-357766&#8243; text_space=\u00bbfontspace-781688&#8243; uncode_shortcode_id=\u00bb188533&#8243;]Detr\u00e1s de La spiral du temps se esconde una mirada apasionada al cine. Aqu\u00ed comparto reflexiones, an\u00e1lisis y ensayos sobre la magia que reside en las pel\u00edculas. Descubre m\u00e1s sobre m\u00ed y mi conexi\u00f3n con el s\u00e9ptimo arte.[\/vc_custom_heading][vc_button size=\u00bblink\u00bb btn_link_size=\u00bbh2&#8243; btn_link_underline=\u00bbbtn-underline-out\u00bb custom_typo=\u00bbyes\u00bb font_family=\u00bbfont-787672&#8243; font_weight=\u00bb500&#8243; letter_spacing=\u00bbfontspace-781688&#8243; link=\u00bburl:https%3A%2F%2Fwww.laspiraledutemps.com%2Fes%2Fabout%2F|title:Acerca%20de\u00bb uncode_shortcode_id=\u00bb586297&#8243;]M\u00e1s sobre m\u00ed[\/vc_button][\/vc_column][\/vc_row][vc_section back_color=\u00bbcolor-nhtu\u00bb overlay_alpha=\u00bb50&#8243; content_parallax=\u00bb3&#8243; uncode_shortcode_id=\u00bb174307&#8243; back_color_type=\u00bbuncode-palette\u00bb][\/vc_section]<\/p>\n<\/div>","protected":false},"excerpt":{"rendered":"<p>[vc_row row_height_percent=\u00bb0&#8243; override_padding=\u00bbyes\u00bb h_padding=\u00bb2&#8243; top_padding=\u00bb2&#8243; bottom_padding=\u00bb2&#8243; back_color=\u00bbcolor-xsdn\u00bb overlay_alpha=\u00bb50&#8243; gutter_size=\u00bb3&#8243; column_width_percent=\u00bb100&#8243; shift_y=\u00bb0&#8243; z_index=\u00bb0&#8243; content_parallax=\u00bb3&#8243; uncode_shortcode_id=\u00bb111874&#8243; back_color_type=\u00bbuncode-palette\u00bb][vc_column column_width_percent=\u00bb100&#8243; gutter_size=\u00bb3&#8243; overlay_alpha=\u00bb50&#8243; shift_x=\u00bb0&#8243; shift_y=\u00bb0&#8243; [&hellip;]<\/p>\n","protected":false},"author":2,"featured_media":0,"parent":0,"menu_order":0,"comment_status":"closed","ping_status":"closed","template":"","meta":{"footnotes":""},"class_list":["post-155451","page","type-page","status-publish","hentry"],"_links":{"self":[{"href":"https:\/\/www.laspiraledutemps.com\/es\/wp-json\/wp\/v2\/pages\/155451","targetHints":{"allow":["GET"]}}],"collection":[{"href":"https:\/\/www.laspiraledutemps.com\/es\/wp-json\/wp\/v2\/pages"}],"about":[{"href":"https:\/\/www.laspiraledutemps.com\/es\/wp-json\/wp\/v2\/types\/page"}],"author":[{"embeddable":true,"href":"https:\/\/www.laspiraledutemps.com\/es\/wp-json\/wp\/v2\/users\/2"}],"replies":[{"embeddable":true,"href":"https:\/\/www.laspiraledutemps.com\/es\/wp-json\/wp\/v2\/comments?post=155451"}],"version-history":[{"count":13,"href":"https:\/\/www.laspiraledutemps.com\/es\/wp-json\/wp\/v2\/pages\/155451\/revisions"}],"predecessor-version":[{"id":156776,"href":"https:\/\/www.laspiraledutemps.com\/es\/wp-json\/wp\/v2\/pages\/155451\/revisions\/156776"}],"wp:attachment":[{"href":"https:\/\/www.laspiraledutemps.com\/es\/wp-json\/wp\/v2\/media?parent=155451"}],"curies":[{"name":"wp","href":"https:\/\/api.w.org\/{rel}","templated":true}]}}